{"id":2487,"date":"2022-11-04T13:18:29","date_gmt":"2022-11-04T11:18:29","guid":{"rendered":"https:\/\/biocc.fi\/?page_id=2487"},"modified":"2024-03-07T09:28:46","modified_gmt":"2024-03-07T07:28:46","slug":"materiaalit","status":"publish","type":"page","link":"https:\/\/biocc.fi\/en\/materiaalit\/","title":{"rendered":"Materiaalit"},"content":{"rendered":"<div id=\"pl-2487\"  class=\"panel-layout\" ><div id=\"pg-2487-0\"  class=\"panel-grid panel-has-style\" ><div style=\"padding: 100px 0; \" data-overlay=\"true\" data-overlay-color=\"#000000\" class=\"panel-row-style panel-row-style-for-2487-0\" ><div id=\"pgc-2487-0-0\"  class=\"panel-grid-cell\" ><div id=\"panel-2487-0-0-0\" class=\"so-panel widget widget_sow-editor panel-first-child panel-last-child\" data-index=\"0\" ><div style=\"text-align: left;\" data-title-color=\"#443f3f\" data-headings-color=\"#443f3f\" class=\"panel-widget-style panel-widget-style-for-2487-0-0-0\" ><div\n\t\t\t\n\t\t\tclass=\"so-widget-sow-editor so-widget-sow-editor-base\"\n\t\t\t\n\t\t><h3 class=\"widget-title\">Pime\u00e4fermentointi<\/h3>\n<div class=\"siteorigin-widget-tinymce textwidget\">\n\t<p>Tutkimme my\u00f6s kest\u00e4vi\u00e4 ratkaisuja biovedyn tuottamiseksi laboratoriossamme. Olemme tehneet laajoja laboratoriotestej\u00e4, joissa on k\u00e4ytetty raaka-aineina vihannesten jalostuksen sivutuotteita, kuten porkkanaa, kaalia ja sipulia. Biovedyn tuotanto pime\u00e4fermentoinnilla perustuu anaerobisissa olosuhteissa toimiviin mikrobeihin. Kun mikrobit hajottavat orgaanista ainesta, ne tuottavat vety\u00e4 ja hiilidioksidia. T\u00e4m\u00e4 on kest\u00e4v\u00e4mpi ja taloudellisempi vaihtoehto verrattuna s\u00e4hk\u00f6kemialliseen vedyn tuotantoon, koska se vaatii paljon v\u00e4hemm\u00e4n energiaa.<\/p>\n<\/div>\n<\/div><\/div><\/div><\/div><div id=\"pgc-2487-0-1\"  class=\"panel-grid-cell\" ><div id=\"panel-2487-0-1-0\" class=\"so-panel widget widget_sow-editor panel-first-child panel-last-child\" data-index=\"1\" ><div style=\"text-align: left;\" data-title-color=\"#443f3f\" data-headings-color=\"#443f3f\" class=\"panel-widget-style panel-widget-style-for-2487-0-1-0\" ><div\n\t\t\t\n\t\t\tclass=\"so-widget-sow-editor so-widget-sow-editor-base\"\n\t\t\t\n\t\t>\n<div class=\"siteorigin-widget-tinymce textwidget\">\n\t<p><div class=\"wp-playlist wp-video-playlist wp-playlist-light\">\n\t\t<video controls=\"controls\" preload=\"none\" width=\"1148\"\n\t\t height=\"646\"\t><\/video><\/p>\n<div class=\"wp-playlist-next\"><\/div>\n<div class=\"wp-playlist-prev\"><\/div>\n<p>\t<noscript><\/p>\n<ol>\n<li><a href='https:\/\/biocc.fi\/wp-content\/uploads\/2022\/11\/shot_5_biohydrogen.mp4'>Biovedyn tuotanto pime\u00e4fermentoinnilla<\/a><\/li>\n<\/ol>\n<p>\t<\/noscript><br \/>\n\t<script type=\"application\/json\" class=\"wp-playlist-script\">{\"type\":\"video\",\"tracklist\":true,\"tracknumbers\":true,\"images\":true,\"artists\":true,\"tracks\":[{\"src\":\"https:\/\/biocc.fi\/wp-content\/uploads\/2022\/11\/shot_5_biohydrogen.mp4\",\"type\":\"video\/mp4\",\"title\":\"Biovedyn tuotanto pime\\u00e4fermentoinnilla\",\"caption\":\"\",\"description\":\"\",\"meta\":{\"length_formatted\":\"0:40\"},\"dimensions\":{\"original\":{\"width\":1280,\"height\":720},\"resized\":{\"width\":1148,\"height\":646}},\"image\":{\"src\":\"https:\/\/biocc.fi\/wp-includes\/images\/media\/video.svg\",\"width\":48,\"height\":64},\"thumb\":{\"src\":\"https:\/\/biocc.fi\/wp-includes\/images\/media\/video.svg\",\"width\":48,\"height\":64}}]}<\/script>\n<\/div><\/p>\n<\/div>\n<\/div><\/div><\/div><\/div><\/div><\/div><div id=\"pg-2487-1\"  class=\"panel-grid panel-has-style\" ><div style=\"padding: 100px 0; \" data-overlay=\"true\" data-overlay-color=\"#000000\" class=\"panel-row-style panel-row-style-for-2487-1\" ><div id=\"pgc-2487-1-0\"  class=\"panel-grid-cell\" ><div id=\"panel-2487-1-0-0\" class=\"so-panel widget widget_sow-editor panel-first-child panel-last-child\" data-index=\"2\" ><div style=\"text-align: left;\" data-title-color=\"#443f3f\" data-headings-color=\"#443f3f\" class=\"panel-widget-style panel-widget-style-for-2487-1-0-0\" ><div\n\t\t\t\n\t\t\tclass=\"so-widget-sow-editor so-widget-sow-editor-base\"\n\t\t\t\n\t\t><h3 class=\"widget-title\">Cluster Talk<\/h3>\n<div class=\"siteorigin-widget-tinymce textwidget\">\n\t<p>Oheisella videolla kerrotaan Pohjois-Savon bio- ja kiertotalouden ekosysteemist\u00e4 ja sen toiminnasta. Video on my\u00f6s osana EU Cluster Talks -sarjaa.<\/p>\n<\/div>\n<\/div><\/div><\/div><\/div><div id=\"pgc-2487-1-1\"  class=\"panel-grid-cell\" ><div id=\"panel-2487-1-1-0\" class=\"so-panel widget widget_media_video panel-first-child panel-last-child\" data-index=\"3\" ><div style=\"text-align: left;\" data-title-color=\"#443f3f\" data-headings-color=\"#443f3f\" class=\"panel-widget-style panel-widget-style-for-2487-1-1-0\" ><div style=\"width:100%;\" class=\"wp-video\"><video class=\"wp-video-shortcode\" id=\"video-2487-1\" preload=\"metadata\" controls=\"controls\"><source type=\"video\/vimeo\" src=\"https:\/\/vimeo.com\/774180587?loop=0&#038;_=1\" \/><a href=\"https:\/\/vimeo.com\/774180587?loop=0\">https:\/\/vimeo.com\/774180587?loop=0<\/a><\/video><\/div><\/div><\/div><\/div><\/div><\/div><div id=\"pg-2487-2\"  class=\"panel-grid panel-has-style\" ><div style=\"padding: 100px 0; \" data-overlay=\"true\" data-overlay-color=\"#000000\" class=\"panel-row-style panel-row-style-for-2487-2\" ><div id=\"pgc-2487-2-0\"  class=\"panel-grid-cell\" ><div id=\"panel-2487-2-0-0\" class=\"so-panel widget widget_sow-editor panel-first-child panel-last-child\" data-index=\"4\" ><div style=\"text-align: left;\" data-title-color=\"#443f3f\" data-headings-color=\"#443f3f\" class=\"panel-widget-style panel-widget-style-for-2487-2-0-0\" ><div\n\t\t\t\n\t\t\tclass=\"so-widget-sow-editor so-widget-sow-editor-base\"\n\t\t\t\n\t\t><h3 class=\"widget-title\">Biokaasupanoskokeet<\/h3>\n<div class=\"siteorigin-widget-tinymce textwidget\">\n\t<p>Pohjois-Savon bio- ja kiertotalouden ekosysteemin palveluihin yrityksille kuuluu biolaboratoriossamme toteutettavat biokaasupanoskokeet.<br \/>\nBiokaasupanoskokeilla voidaan selvitt\u00e4\u00e4 eri materiaalien biokaasuntuottopotentiaalia ja t\u00e4ten edist\u00e4\u00e4 kiertotaloutta.<\/p>\n<p>Videolta p\u00e4\u00e4set tutustumaan biokaasupanoskokeisiin tarkemmin.<\/p>\n<\/div>\n<\/div><\/div><\/div><\/div><div id=\"pgc-2487-2-1\"  class=\"panel-grid-cell\" ><div id=\"panel-2487-2-1-0\" class=\"so-panel widget widget_media_video panel-first-child panel-last-child\" data-index=\"5\" ><div style=\"text-align: left;\" data-title-color=\"#443f3f\" data-headings-color=\"#443f3f\" class=\"panel-widget-style panel-widget-style-for-2487-2-1-0\" ><div style=\"width:100%;\" class=\"wp-video\"><video class=\"wp-video-shortcode\" id=\"video-2487-2\" preload=\"metadata\" controls=\"controls\"><source type=\"video\/mp4\" src=\"https:\/\/biocc.fi\/wp-content\/uploads\/2024\/03\/biokaasupanoskokeet_biocc.mp4?_=2\" \/><source type=\"video\/mp4\" src=\"https:\/\/biocc.fi\/wp-content\/uploads\/2024\/03\/biokaasupanoskokeet_biocc.mp4?_=2\" \/><a href=\"https:\/\/biocc.fi\/wp-content\/uploads\/2024\/03\/biokaasupanoskokeet_biocc.mp4\">https:\/\/biocc.fi\/wp-content\/uploads\/2024\/03\/biokaasupanoskokeet_biocc.mp4<\/a><\/video><\/div><\/div><\/div><\/div><\/div><\/div><\/div>","protected":false},"excerpt":{"rendered":"<p>Tutkimme my\u00f6s kest\u00e4vi\u00e4 ratkaisuja biovedyn tuottamiseksi laboratoriossamme. Olemme tehneet laajoja laboratoriotestej\u00e4, joissa on k\u00e4ytetty raaka-aineina vihannesten jalostuksen sivutuotteita, kuten porkkanaa, kaalia ja [&hellip;]<\/p>\n","protected":false},"author":8,"featured_media":0,"parent":0,"menu_order":0,"comment_status":"closed","ping_status":"closed","template":"page-templates\/page_front-page.php","meta":{"footnotes":""},"class_list":["post-2487","page","type-page","status-publish","hentry"],"yoast_head":"<!-- This site is optimized with the Yoast SEO plugin v27.3 - https:\/\/yoast.com\/product\/yoast-seo-wordpress\/ -->\n<title>Materiaalit - Bio and Circular Cluster - North Savo<\/title>\n<meta name=\"robots\" content=\"index, follow, max-snippet:-1, max-image-preview:large, max-video-preview:-1\" \/>\n<link rel=\"canonical\" href=\"https:\/\/biocc.fi\/en\/materiaalit\/\" \/>\n<meta property=\"og:locale\" content=\"en_US\" \/>\n<meta property=\"og:type\" content=\"article\" \/>\n<meta property=\"og:title\" content=\"Materiaalit - Bio and Circular Cluster - North Savo\" \/>\n<meta property=\"og:description\" content=\"Tutkimme my\u00f6s kest\u00e4vi\u00e4 ratkaisuja biovedyn tuottamiseksi laboratoriossamme. Olemme tehneet laajoja laboratoriotestej\u00e4, joissa on k\u00e4ytetty raaka-aineina vihannesten jalostuksen sivutuotteita, kuten porkkanaa, kaalia ja [&hellip;]\" \/>\n<meta property=\"og:url\" content=\"https:\/\/biocc.fi\/en\/materiaalit\/\" \/>\n<meta property=\"og:site_name\" content=\"Bio and Circular Cluster - North Savo\" \/>\n<meta property=\"article:modified_time\" content=\"2024-03-07T07:28:46+00:00\" \/>\n<meta name=\"twitter:card\" content=\"summary_large_image\" \/>\n<meta name=\"twitter:label1\" content=\"Est. reading time\" \/>\n\t<meta name=\"twitter:data1\" content=\"1 minute\" \/>\n<script type=\"application\/ld+json\" class=\"yoast-schema-graph\">{\"@context\":\"https:\\\/\\\/schema.org\",\"@graph\":[{\"@type\":\"WebPage\",\"@id\":\"https:\\\/\\\/biocc.fi\\\/materiaalit\\\/\",\"url\":\"https:\\\/\\\/biocc.fi\\\/materiaalit\\\/\",\"name\":\"Materiaalit - Bio and Circular Cluster - North Savo\",\"isPartOf\":{\"@id\":\"https:\\\/\\\/biocc.fi\\\/#website\"},\"datePublished\":\"2022-11-04T11:18:29+00:00\",\"dateModified\":\"2024-03-07T07:28:46+00:00\",\"breadcrumb\":{\"@id\":\"https:\\\/\\\/biocc.fi\\\/materiaalit\\\/#breadcrumb\"},\"inLanguage\":\"en-US\",\"potentialAction\":[{\"@type\":\"ReadAction\",\"target\":[\"https:\\\/\\\/biocc.fi\\\/materiaalit\\\/\"]}]},{\"@type\":\"BreadcrumbList\",\"@id\":\"https:\\\/\\\/biocc.fi\\\/materiaalit\\\/#breadcrumb\",\"itemListElement\":[{\"@type\":\"ListItem\",\"position\":1,\"name\":\"Etusivu\",\"item\":\"https:\\\/\\\/biocc.fi\\\/\"},{\"@type\":\"ListItem\",\"position\":2,\"name\":\"Materiaalit\"}]},{\"@type\":\"WebSite\",\"@id\":\"https:\\\/\\\/biocc.fi\\\/#website\",\"url\":\"https:\\\/\\\/biocc.fi\\\/\",\"name\":\"Bio and Circular Cluster - North Savo\",\"description\":\"Pohjois-Savon bio- ja kiertotalouden ekosysteemin verkkosivut | Bio and circular cluster - North Savo website\",\"potentialAction\":[{\"@type\":\"SearchAction\",\"target\":{\"@type\":\"EntryPoint\",\"urlTemplate\":\"https:\\\/\\\/biocc.fi\\\/?s={search_term_string}\"},\"query-input\":{\"@type\":\"PropertyValueSpecification\",\"valueRequired\":true,\"valueName\":\"search_term_string\"}}],\"inLanguage\":\"en-US\"}]}<\/script>\n<!-- \/ Yoast SEO plugin. -->","yoast_head_json":{"title":"Materiaalit - Bio and Circular Cluster - North Savo","robots":{"index":"index","follow":"follow","max-snippet":"max-snippet:-1","max-image-preview":"max-image-preview:large","max-video-preview":"max-video-preview:-1"},"canonical":"https:\/\/biocc.fi\/en\/materiaalit\/","og_locale":"en_US","og_type":"article","og_title":"Materiaalit - Bio and Circular Cluster - North Savo","og_description":"Tutkimme my\u00f6s kest\u00e4vi\u00e4 ratkaisuja biovedyn tuottamiseksi laboratoriossamme. Olemme tehneet laajoja laboratoriotestej\u00e4, joissa on k\u00e4ytetty raaka-aineina vihannesten jalostuksen sivutuotteita, kuten porkkanaa, kaalia ja [&hellip;]","og_url":"https:\/\/biocc.fi\/en\/materiaalit\/","og_site_name":"Bio and Circular Cluster - North Savo","article_modified_time":"2024-03-07T07:28:46+00:00","twitter_card":"summary_large_image","twitter_misc":{"Est. reading time":"1 minute"},"schema":{"@context":"https:\/\/schema.org","@graph":[{"@type":"WebPage","@id":"https:\/\/biocc.fi\/materiaalit\/","url":"https:\/\/biocc.fi\/materiaalit\/","name":"Materiaalit - Bio and Circular Cluster - North Savo","isPartOf":{"@id":"https:\/\/biocc.fi\/#website"},"datePublished":"2022-11-04T11:18:29+00:00","dateModified":"2024-03-07T07:28:46+00:00","breadcrumb":{"@id":"https:\/\/biocc.fi\/materiaalit\/#breadcrumb"},"inLanguage":"en-US","potentialAction":[{"@type":"ReadAction","target":["https:\/\/biocc.fi\/materiaalit\/"]}]},{"@type":"BreadcrumbList","@id":"https:\/\/biocc.fi\/materiaalit\/#breadcrumb","itemListElement":[{"@type":"ListItem","position":1,"name":"Etusivu","item":"https:\/\/biocc.fi\/"},{"@type":"ListItem","position":2,"name":"Materiaalit"}]},{"@type":"WebSite","@id":"https:\/\/biocc.fi\/#website","url":"https:\/\/biocc.fi\/","name":"Bio and Circular Cluster - North Savo","description":"Pohjois-Savon bio- ja kiertotalouden ekosysteemin verkkosivut | Bio and circular cluster - North Savo website","potentialAction":[{"@type":"SearchAction","target":{"@type":"EntryPoint","urlTemplate":"https:\/\/biocc.fi\/?s={search_term_string}"},"query-input":{"@type":"PropertyValueSpecification","valueRequired":true,"valueName":"search_term_string"}}],"inLanguage":"en-US"}]}},"_links":{"self":[{"href":"https:\/\/biocc.fi\/en\/wp-json\/wp\/v2\/pages\/2487","targetHints":{"allow":["GET"]}}],"collection":[{"href":"https:\/\/biocc.fi\/en\/wp-json\/wp\/v2\/pages"}],"about":[{"href":"https:\/\/biocc.fi\/en\/wp-json\/wp\/v2\/types\/page"}],"author":[{"embeddable":true,"href":"https:\/\/biocc.fi\/en\/wp-json\/wp\/v2\/users\/8"}],"replies":[{"embeddable":true,"href":"https:\/\/biocc.fi\/en\/wp-json\/wp\/v2\/comments?post=2487"}],"version-history":[{"count":12,"href":"https:\/\/biocc.fi\/en\/wp-json\/wp\/v2\/pages\/2487\/revisions"}],"predecessor-version":[{"id":2566,"href":"https:\/\/biocc.fi\/en\/wp-json\/wp\/v2\/pages\/2487\/revisions\/2566"}],"wp:attachment":[{"href":"https:\/\/biocc.fi\/en\/wp-json\/wp\/v2\/media?parent=2487"}],"curies":[{"name":"wp","href":"https:\/\/api.w.org\/{rel}","templated":true}]}}