{"id":2313,"date":"2022-03-15T13:16:14","date_gmt":"2022-03-15T11:16:14","guid":{"rendered":"https:\/\/biocc.fi\/?page_id=2313"},"modified":"2022-05-16T14:43:22","modified_gmt":"2022-05-16T11:43:22","slug":"yrityksille","status":"publish","type":"page","link":"https:\/\/biocc.fi\/en\/yrityksille\/","title":{"rendered":"FOR COMPANIES"},"content":{"rendered":"<div id=\"pl-2313\"  class=\"panel-layout\" ><div id=\"pg-2313-0\"  class=\"panel-grid panel-has-style\" ><div style=\"padding: 100px 0; \" data-overlay=\"true\" data-overlay-color=\"#000000\" class=\"panel-row-style panel-row-style-for-2313-0\" ><div id=\"pgc-2313-0-0\"  class=\"panel-grid-cell\" ><div id=\"panel-2313-0-0-0\" class=\"so-panel widget widget_sow-editor panel-first-child panel-last-child\" data-index=\"0\" ><div style=\"text-align: left;\" data-title-color=\"#443f3f\" data-headings-color=\"#443f3f\" class=\"panel-widget-style panel-widget-style-for-2313-0-0-0\" ><div\n\t\t\t\n\t\t\tclass=\"so-widget-sow-editor so-widget-sow-editor-base\"\n\t\t\t\n\t\t><h3 class=\"widget-title\">Benefits for your company and business<\/h3>\n<div class=\"siteorigin-widget-tinymce textwidget\">\n\t<p>&nbsp;<\/p>\n<p style=\"text-align: center;\"><strong>You have opportunity to contribute the development of the ecosystem's service offering<\/strong><\/p>\n<p style=\"text-align: center;\">Strategic Innovation- and Research Plan<\/p>\n<p style=\"text-align: center;\">Annual plan<\/p>\n<p>&nbsp;<\/p>\n<p style=\"text-align: center;\"><strong>You will find the expertise and service that best suits your business needs\u00a0<\/strong><\/p>\n<p>&nbsp;<\/p>\n<p style=\"text-align: center;\"><strong>\u25aa RDI-services<\/strong><\/p>\n<p style=\"text-align: center;\"><a href=\"https:\/\/biocc.fi\/en\/palvelut\/\">Innovation services<\/a><\/p>\n<p style=\"text-align: center;\">Product development<\/p>\n<p>&nbsp;<\/p>\n<p style=\"text-align: center;\"><strong>Opportunity to expand your network and find new business partners\u00a0<\/strong><\/p>\n<p style=\"text-align: center;\">Ecosystem events and company training courses<\/p>\n<p>&nbsp;<\/p>\n<p style=\"text-align: center;\"><strong>Visibility in both domestic and international markets in the bioeconomy sector\u200b<\/strong><\/p>\n<p style=\"text-align: center;\"><a href=\"https:\/\/clustercollaboration.eu\/\">European Cluster Collaboration Platform (ECCP)<\/a><\/p>\n<p style=\"text-align: center;\">Ecosystem website, newsletter, social media channels, events etc.<\/p>\n<p>&nbsp;<\/p>\n<p style=\"text-align: center;\"><strong>Opportunity to participate in national and international ecosystems\u2019 project preparations<\/strong><\/p>\n<p>&nbsp;<\/p>\n<p style=\"text-align: center;\"><strong>You will hear about the latest developments and news in the Bio and Circular Economy industry sector<\/strong><\/p>\n<p style=\"text-align: center;\"><img loading=\"lazy\" decoding=\"async\" class=\"alignnone wp-image-1005\" src=\"https:\/\/biocc.fi\/wp-content\/uploads\/2021\/11\/shutterstock_250397182-300x200.jpg\" alt=\"\" width=\"350\" height=\"233\" srcset=\"https:\/\/biocc.fi\/wp-content\/uploads\/2021\/11\/shutterstock_250397182-300x200.jpg 300w, https:\/\/biocc.fi\/wp-content\/uploads\/2021\/11\/shutterstock_250397182-1024x683.jpg 1024w, https:\/\/biocc.fi\/wp-content\/uploads\/2021\/11\/shutterstock_250397182-768x512.jpg 768w, https:\/\/biocc.fi\/wp-content\/uploads\/2021\/11\/shutterstock_250397182-1536x1024.jpg 1536w, https:\/\/biocc.fi\/wp-content\/uploads\/2021\/11\/shutterstock_250397182-2048x1365.jpg 2048w, https:\/\/biocc.fi\/wp-content\/uploads\/2021\/11\/shutterstock_250397182-920x613.jpg 920w, https:\/\/biocc.fi\/wp-content\/uploads\/2021\/11\/shutterstock_250397182-230x153.jpg 230w, https:\/\/biocc.fi\/wp-content\/uploads\/2021\/11\/shutterstock_250397182-350x233.jpg 350w, https:\/\/biocc.fi\/wp-content\/uploads\/2021\/11\/shutterstock_250397182-480x320.jpg 480w, https:\/\/biocc.fi\/wp-content\/uploads\/2021\/11\/shutterstock_250397182-272x182.jpg 272w\" sizes=\"auto, (max-width: 350px) 100vw, 350px\" \/><\/p>\n<p style=\"text-align: center;\">Interested?<\/p>\n<p style=\"text-align: center;\"><a href=\"https:\/\/biocc.fi\/en\/yhteystiedot\/\">Contact us!<\/a><\/p>\n<\/div>\n<\/div><\/div><\/div><\/div><\/div><\/div><div id=\"pg-2313-1\"  class=\"panel-grid panel-has-style\" ><div style=\"padding: 100px 0; \" data-overlay=\"true\" data-overlay-color=\"#000000\" class=\"panel-row-style panel-row-style-for-2313-1\" ><div id=\"pgc-2313-1-0\"  class=\"panel-grid-cell\" ><div id=\"panel-2313-1-0-0\" class=\"so-panel widget widget_sow-image panel-first-child panel-last-child\" data-index=\"1\" ><div style=\"text-align: left;\" data-title-color=\"#443f3f\" data-headings-color=\"#443f3f\" class=\"panel-widget-style panel-widget-style-for-2313-1-0-0\" ><div\n\t\t\t\n\t\t\tclass=\"so-widget-sow-image so-widget-sow-image-default-113ccd71f3e6-2313\"\n\t\t\t\n\t\t>\n<div class=\"sow-image-container\">\n\t\t<img \n\tsrc=\"https:\/\/biocc.fi\/wp-content\/uploads\/2022\/03\/computer-icon-gc8c83c263_1920-1-150x150.png\" width=\"150\" height=\"150\" srcset=\"https:\/\/biocc.fi\/wp-content\/uploads\/2022\/03\/computer-icon-gc8c83c263_1920-1-150x150.png 150w, https:\/\/biocc.fi\/wp-content\/uploads\/2022\/03\/computer-icon-gc8c83c263_1920-1-300x300.png 300w, https:\/\/biocc.fi\/wp-content\/uploads\/2022\/03\/computer-icon-gc8c83c263_1920-1-1024x1024.png 1024w, https:\/\/biocc.fi\/wp-content\/uploads\/2022\/03\/computer-icon-gc8c83c263_1920-1-768x768.png 768w, https:\/\/biocc.fi\/wp-content\/uploads\/2022\/03\/computer-icon-gc8c83c263_1920-1-1536x1536.png 1536w, https:\/\/biocc.fi\/wp-content\/uploads\/2022\/03\/computer-icon-gc8c83c263_1920-1-12x12.png 12w, https:\/\/biocc.fi\/wp-content\/uploads\/2022\/03\/computer-icon-gc8c83c263_1920-1-920x920.png 920w, https:\/\/biocc.fi\/wp-content\/uploads\/2022\/03\/computer-icon-gc8c83c263_1920-1-230x230.png 230w, https:\/\/biocc.fi\/wp-content\/uploads\/2022\/03\/computer-icon-gc8c83c263_1920-1-350x350.png 350w, https:\/\/biocc.fi\/wp-content\/uploads\/2022\/03\/computer-icon-gc8c83c263_1920-1-480x480.png 480w, https:\/\/biocc.fi\/wp-content\/uploads\/2022\/03\/computer-icon-gc8c83c263_1920-1.png 1920w\" sizes=\"(max-width: 150px) 100vw, 150px\" alt=\"\" \t\tclass=\"so-widget-image\"\/>\n\t<\/div>\n\n<\/div><\/div><\/div><\/div><\/div><\/div><\/div>","protected":false},"excerpt":{"rendered":"<p>&nbsp; \u25aa P\u00e4\u00e4set vaikuttamaan ekosysteemin palvelutarjonnan kehitt\u00e4miseen Strateginen innovointi- ja tutkimussuunnitelma Vuosisuunnitelma &nbsp; \u25aa L\u00f6yd\u00e4t parhaiten yrityksesi tarpeisiin vastaavaa asiantuntija-apua\u00a0 ja -palvelua\u00a0 [&hellip;]<\/p>\n","protected":false},"author":9,"featured_media":0,"parent":0,"menu_order":0,"comment_status":"closed","ping_status":"closed","template":"page-templates\/page_front-page.php","meta":{"footnotes":""},"class_list":["post-2313","page","type-page","status-publish","hentry"],"yoast_head":"<!-- This site is optimized with the Yoast SEO plugin v27.3 - https:\/\/yoast.com\/product\/yoast-seo-wordpress\/ -->\n<title>YRITYKSILLE - Bio and Circular Cluster - North Savo<\/title>\n<meta name=\"robots\" content=\"index, follow, max-snippet:-1, max-image-preview:large, max-video-preview:-1\" \/>\n<link rel=\"canonical\" href=\"https:\/\/biocc.fi\/en\/yrityksille\/\" \/>\n<meta property=\"og:locale\" content=\"en_US\" \/>\n<meta property=\"og:type\" content=\"article\" \/>\n<meta property=\"og:title\" content=\"YRITYKSILLE - Bio and Circular Cluster - North Savo\" \/>\n<meta property=\"og:description\" content=\"&nbsp; \u25aa P\u00e4\u00e4set vaikuttamaan ekosysteemin palvelutarjonnan kehitt\u00e4miseen Strateginen innovointi- ja tutkimussuunnitelma Vuosisuunnitelma &nbsp; \u25aa L\u00f6yd\u00e4t parhaiten yrityksesi tarpeisiin vastaavaa asiantuntija-apua\u00a0 ja -palvelua\u00a0 [&hellip;]\" \/>\n<meta property=\"og:url\" content=\"https:\/\/biocc.fi\/en\/yrityksille\/\" \/>\n<meta property=\"og:site_name\" content=\"Bio and Circular Cluster - North Savo\" \/>\n<meta property=\"article:modified_time\" content=\"2022-05-16T11:43:22+00:00\" \/>\n<meta property=\"og:image\" content=\"https:\/\/biocc.fi\/wp-content\/uploads\/2021\/11\/shutterstock_250397182-300x200.jpg\" \/>\n<meta name=\"twitter:card\" content=\"summary_large_image\" \/>\n<meta name=\"twitter:label1\" content=\"Est. reading time\" \/>\n\t<meta name=\"twitter:data1\" content=\"1 minute\" \/>\n<script type=\"application\/ld+json\" class=\"yoast-schema-graph\">{\"@context\":\"https:\\\/\\\/schema.org\",\"@graph\":[{\"@type\":\"WebPage\",\"@id\":\"https:\\\/\\\/biocc.fi\\\/yrityksille\\\/\",\"url\":\"https:\\\/\\\/biocc.fi\\\/yrityksille\\\/\",\"name\":\"YRITYKSILLE - Bio and Circular Cluster - North Savo\",\"isPartOf\":{\"@id\":\"https:\\\/\\\/biocc.fi\\\/#website\"},\"primaryImageOfPage\":{\"@id\":\"https:\\\/\\\/biocc.fi\\\/yrityksille\\\/#primaryimage\"},\"image\":{\"@id\":\"https:\\\/\\\/biocc.fi\\\/yrityksille\\\/#primaryimage\"},\"thumbnailUrl\":\"https:\\\/\\\/biocc.fi\\\/wp-content\\\/uploads\\\/2021\\\/11\\\/shutterstock_250397182-300x200.jpg\",\"datePublished\":\"2022-03-15T11:16:14+00:00\",\"dateModified\":\"2022-05-16T11:43:22+00:00\",\"breadcrumb\":{\"@id\":\"https:\\\/\\\/biocc.fi\\\/yrityksille\\\/#breadcrumb\"},\"inLanguage\":\"en-US\",\"potentialAction\":[{\"@type\":\"ReadAction\",\"target\":[\"https:\\\/\\\/biocc.fi\\\/yrityksille\\\/\"]}]},{\"@type\":\"ImageObject\",\"inLanguage\":\"en-US\",\"@id\":\"https:\\\/\\\/biocc.fi\\\/yrityksille\\\/#primaryimage\",\"url\":\"https:\\\/\\\/biocc.fi\\\/wp-content\\\/uploads\\\/2021\\\/11\\\/shutterstock_250397182-300x200.jpg\",\"contentUrl\":\"https:\\\/\\\/biocc.fi\\\/wp-content\\\/uploads\\\/2021\\\/11\\\/shutterstock_250397182-300x200.jpg\"},{\"@type\":\"BreadcrumbList\",\"@id\":\"https:\\\/\\\/biocc.fi\\\/yrityksille\\\/#breadcrumb\",\"itemListElement\":[{\"@type\":\"ListItem\",\"position\":1,\"name\":\"Etusivu\",\"item\":\"https:\\\/\\\/biocc.fi\\\/\"},{\"@type\":\"ListItem\",\"position\":2,\"name\":\"YRITYKSILLE\"}]},{\"@type\":\"WebSite\",\"@id\":\"https:\\\/\\\/biocc.fi\\\/#website\",\"url\":\"https:\\\/\\\/biocc.fi\\\/\",\"name\":\"Bio and Circular Cluster - North Savo\",\"description\":\"Pohjois-Savon bio- ja kiertotalouden ekosysteemin verkkosivut | Bio and circular cluster - North Savo website\",\"potentialAction\":[{\"@type\":\"SearchAction\",\"target\":{\"@type\":\"EntryPoint\",\"urlTemplate\":\"https:\\\/\\\/biocc.fi\\\/?s={search_term_string}\"},\"query-input\":{\"@type\":\"PropertyValueSpecification\",\"valueRequired\":true,\"valueName\":\"search_term_string\"}}],\"inLanguage\":\"en-US\"}]}<\/script>\n<!-- \/ Yoast SEO plugin. -->","yoast_head_json":{"title":"YRITYKSILLE - Bio and Circular Cluster - North Savo","robots":{"index":"index","follow":"follow","max-snippet":"max-snippet:-1","max-image-preview":"max-image-preview:large","max-video-preview":"max-video-preview:-1"},"canonical":"https:\/\/biocc.fi\/en\/yrityksille\/","og_locale":"en_US","og_type":"article","og_title":"YRITYKSILLE - Bio and Circular Cluster - North Savo","og_description":"&nbsp; \u25aa P\u00e4\u00e4set vaikuttamaan ekosysteemin palvelutarjonnan kehitt\u00e4miseen Strateginen innovointi- ja tutkimussuunnitelma Vuosisuunnitelma &nbsp; \u25aa L\u00f6yd\u00e4t parhaiten yrityksesi tarpeisiin vastaavaa asiantuntija-apua\u00a0 ja -palvelua\u00a0 [&hellip;]","og_url":"https:\/\/biocc.fi\/en\/yrityksille\/","og_site_name":"Bio and Circular Cluster - North Savo","article_modified_time":"2022-05-16T11:43:22+00:00","og_image":[{"url":"https:\/\/biocc.fi\/wp-content\/uploads\/2021\/11\/shutterstock_250397182-300x200.jpg","type":"","width":"","height":""}],"twitter_card":"summary_large_image","twitter_misc":{"Est. reading time":"1 minute"},"schema":{"@context":"https:\/\/schema.org","@graph":[{"@type":"WebPage","@id":"https:\/\/biocc.fi\/yrityksille\/","url":"https:\/\/biocc.fi\/yrityksille\/","name":"YRITYKSILLE - Bio and Circular Cluster - North Savo","isPartOf":{"@id":"https:\/\/biocc.fi\/#website"},"primaryImageOfPage":{"@id":"https:\/\/biocc.fi\/yrityksille\/#primaryimage"},"image":{"@id":"https:\/\/biocc.fi\/yrityksille\/#primaryimage"},"thumbnailUrl":"https:\/\/biocc.fi\/wp-content\/uploads\/2021\/11\/shutterstock_250397182-300x200.jpg","datePublished":"2022-03-15T11:16:14+00:00","dateModified":"2022-05-16T11:43:22+00:00","breadcrumb":{"@id":"https:\/\/biocc.fi\/yrityksille\/#breadcrumb"},"inLanguage":"en-US","potentialAction":[{"@type":"ReadAction","target":["https:\/\/biocc.fi\/yrityksille\/"]}]},{"@type":"ImageObject","inLanguage":"en-US","@id":"https:\/\/biocc.fi\/yrityksille\/#primaryimage","url":"https:\/\/biocc.fi\/wp-content\/uploads\/2021\/11\/shutterstock_250397182-300x200.jpg","contentUrl":"https:\/\/biocc.fi\/wp-content\/uploads\/2021\/11\/shutterstock_250397182-300x200.jpg"},{"@type":"BreadcrumbList","@id":"https:\/\/biocc.fi\/yrityksille\/#breadcrumb","itemListElement":[{"@type":"ListItem","position":1,"name":"Etusivu","item":"https:\/\/biocc.fi\/"},{"@type":"ListItem","position":2,"name":"YRITYKSILLE"}]},{"@type":"WebSite","@id":"https:\/\/biocc.fi\/#website","url":"https:\/\/biocc.fi\/","name":"Bio and Circular Cluster - North Savo","description":"Pohjois-Savon bio- ja kiertotalouden ekosysteemin verkkosivut | Bio and circular cluster - North Savo website","potentialAction":[{"@type":"SearchAction","target":{"@type":"EntryPoint","urlTemplate":"https:\/\/biocc.fi\/?s={search_term_string}"},"query-input":{"@type":"PropertyValueSpecification","valueRequired":true,"valueName":"search_term_string"}}],"inLanguage":"en-US"}]}},"_links":{"self":[{"href":"https:\/\/biocc.fi\/en\/wp-json\/wp\/v2\/pages\/2313","targetHints":{"allow":["GET"]}}],"collection":[{"href":"https:\/\/biocc.fi\/en\/wp-json\/wp\/v2\/pages"}],"about":[{"href":"https:\/\/biocc.fi\/en\/wp-json\/wp\/v2\/types\/page"}],"author":[{"embeddable":true,"href":"https:\/\/biocc.fi\/en\/wp-json\/wp\/v2\/users\/9"}],"replies":[{"embeddable":true,"href":"https:\/\/biocc.fi\/en\/wp-json\/wp\/v2\/comments?post=2313"}],"version-history":[{"count":28,"href":"https:\/\/biocc.fi\/en\/wp-json\/wp\/v2\/pages\/2313\/revisions"}],"predecessor-version":[{"id":2458,"href":"https:\/\/biocc.fi\/en\/wp-json\/wp\/v2\/pages\/2313\/revisions\/2458"}],"wp:attachment":[{"href":"https:\/\/biocc.fi\/en\/wp-json\/wp\/v2\/media?parent=2313"}],"curies":[{"name":"wp","href":"https:\/\/api.w.org\/{rel}","templated":true}]}}