{"id":2272,"date":"2022-03-14T13:08:22","date_gmt":"2022-03-14T11:08:22","guid":{"rendered":"https:\/\/biocc.fi\/?page_id=2272"},"modified":"2022-04-01T17:19:25","modified_gmt":"2022-04-01T14:19:25","slug":"yhteystiedot","status":"publish","type":"page","link":"https:\/\/biocc.fi\/en\/yhteystiedot\/","title":{"rendered":"CONTACT US"},"content":{"rendered":"<div id=\"pl-2272\"  class=\"panel-layout\" ><div id=\"pg-2272-0\"  class=\"panel-grid panel-has-style\" ><div style=\"padding: 100px 0; \" data-overlay=\"true\" data-overlay-color=\"#000000\" class=\"panel-row-style panel-row-style-for-2272-0\" ><div id=\"pgc-2272-0-0\"  class=\"panel-grid-cell\" ><div id=\"panel-2272-0-0-0\" class=\"so-panel widget widget_sow-editor panel-first-child panel-last-child\" data-index=\"0\" ><div style=\"text-align: left;\" data-title-color=\"#443f3f\" data-headings-color=\"#443f3f\" class=\"panel-widget-style panel-widget-style-for-2272-0-0-0\" ><div\n\t\t\t\n\t\t\tclass=\"so-widget-sow-editor so-widget-sow-editor-base\"\n\t\t\t\n\t\t>\n<div class=\"siteorigin-widget-tinymce textwidget\">\n\t<h3 style=\"text-align: center;\"><\/h3>\n<h3 style=\"text-align: center;\"><img loading=\"lazy\" decoding=\"async\" class=\"wp-image-936 aligncenter\" src=\"https:\/\/biocc.fi\/wp-content\/uploads\/2021\/11\/harri_auvinen-300x300.jpeg\" alt=\"\" width=\"222\" height=\"222\" srcset=\"https:\/\/biocc.fi\/wp-content\/uploads\/2021\/11\/harri_auvinen-300x300.jpeg 300w, https:\/\/biocc.fi\/wp-content\/uploads\/2021\/11\/harri_auvinen-150x150.jpeg 150w, https:\/\/biocc.fi\/wp-content\/uploads\/2021\/11\/harri_auvinen-230x230.jpeg 230w, https:\/\/biocc.fi\/wp-content\/uploads\/2021\/11\/harri_auvinen-350x350.jpeg 350w, https:\/\/biocc.fi\/wp-content\/uploads\/2021\/11\/harri_auvinen-480x480.jpeg 480w, https:\/\/biocc.fi\/wp-content\/uploads\/2021\/11\/harri_auvinen.jpeg 500w\" sizes=\"auto, (max-width: 222px) 100vw, 222px\" \/><\/h3>\n<h3 style=\"text-align: center;\"><a href=\"https:\/\/www.savonia.fi\/henkilosto\/harri-auvinen\/\">Harri Auvinen<\/a><\/h3>\n<p style=\"text-align: center;\">RD-executive (Bio and circular economy)<\/p>\n<p style=\"text-align: center;\">Savonia University of Applied Sciences<\/p>\n<p style=\"text-align: center;\">044 785 6923<\/p>\n<p style=\"text-align: center;\">harri.auvinen(a)savonia.fi<\/p>\n<\/div>\n<\/div><\/div><\/div><\/div><div id=\"pgc-2272-0-1\"  class=\"panel-grid-cell\" ><div id=\"panel-2272-0-1-0\" class=\"so-panel widget widget_sow-editor panel-first-child panel-last-child\" data-index=\"1\" ><div style=\"text-align: left;\" data-title-color=\"#443f3f\" data-headings-color=\"#443f3f\" class=\"panel-widget-style panel-widget-style-for-2272-0-1-0\" ><div\n\t\t\t\n\t\t\tclass=\"so-widget-sow-editor so-widget-sow-editor-base\"\n\t\t\t\n\t\t>\n<div class=\"siteorigin-widget-tinymce textwidget\">\n\t<h3 style=\"text-align: center;\"><\/h3>\n<h3 style=\"text-align: center;\"><img loading=\"lazy\" decoding=\"async\" class=\"wp-image-941 aligncenter\" src=\"https:\/\/biocc.fi\/wp-content\/uploads\/2021\/11\/reijo_lappalainen-300x300.jpeg\" alt=\"\" width=\"222\" height=\"222\" srcset=\"https:\/\/biocc.fi\/wp-content\/uploads\/2021\/11\/reijo_lappalainen-300x300.jpeg 300w, https:\/\/biocc.fi\/wp-content\/uploads\/2021\/11\/reijo_lappalainen-150x150.jpeg 150w, https:\/\/biocc.fi\/wp-content\/uploads\/2021\/11\/reijo_lappalainen-230x230.jpeg 230w, https:\/\/biocc.fi\/wp-content\/uploads\/2021\/11\/reijo_lappalainen-350x350.jpeg 350w, https:\/\/biocc.fi\/wp-content\/uploads\/2021\/11\/reijo_lappalainen-480x480.jpeg 480w, https:\/\/biocc.fi\/wp-content\/uploads\/2021\/11\/reijo_lappalainen.jpeg 500w\" sizes=\"auto, (max-width: 222px) 100vw, 222px\" \/><\/h3>\n<h3 style=\"text-align: center;\"><a href=\"https:\/\/uefconnect.uef.fi\/henkilo\/reijo.lappalainen\/\">Reijo Lappalainen<\/a><\/h3>\n<p style=\"text-align: center;\">Professor of Biomaterial technology<\/p>\n<p style=\"text-align: center;\">University of Eastern Finland<\/p>\n<p style=\"text-align: center;\">040 355 2564<\/p>\n<p style=\"text-align: center;\">reijo.lappalainen(a)uef.fi<\/p>\n<\/div>\n<\/div><\/div><\/div><\/div><\/div><\/div><div id=\"pg-2272-1\"  class=\"panel-grid panel-has-style\" ><div style=\"padding: 100px 0; \" data-overlay=\"true\" data-overlay-color=\"#000000\" class=\"panel-row-style panel-row-style-for-2272-1\" ><div id=\"pgc-2272-1-0\"  class=\"panel-grid-cell\" ><div id=\"panel-2272-1-0-0\" class=\"so-panel widget widget_sow-editor panel-first-child panel-last-child\" data-index=\"2\" ><div style=\"text-align: left;\" data-title-color=\"#443f3f\" data-headings-color=\"#443f3f\" class=\"panel-widget-style panel-widget-style-for-2272-1-0-0\" ><div\n\t\t\t\n\t\t\tclass=\"so-widget-sow-editor so-widget-sow-editor-base\"\n\t\t\t\n\t\t>\n<div class=\"siteorigin-widget-tinymce textwidget\">\n\t<p><img loading=\"lazy\" decoding=\"async\" class=\"wp-image-2388 aligncenter\" src=\"https:\/\/biocc.fi\/wp-content\/uploads\/2022\/03\/luke_mikko_jarvinen-300x300.png\" alt=\"\" width=\"222\" height=\"222\" srcset=\"https:\/\/biocc.fi\/wp-content\/uploads\/2022\/03\/luke_mikko_jarvinen-300x300.png 300w, https:\/\/biocc.fi\/wp-content\/uploads\/2022\/03\/luke_mikko_jarvinen-150x150.png 150w, https:\/\/biocc.fi\/wp-content\/uploads\/2022\/03\/luke_mikko_jarvinen-12x12.png 12w, https:\/\/biocc.fi\/wp-content\/uploads\/2022\/03\/luke_mikko_jarvinen-230x230.png 230w, https:\/\/biocc.fi\/wp-content\/uploads\/2022\/03\/luke_mikko_jarvinen-350x350.png 350w, https:\/\/biocc.fi\/wp-content\/uploads\/2022\/03\/luke_mikko_jarvinen-480x480.png 480w, https:\/\/biocc.fi\/wp-content\/uploads\/2022\/03\/luke_mikko_jarvinen.png 500w\" sizes=\"auto, (max-width: 222px) 100vw, 222px\" \/><\/p>\n<h3 style=\"text-align: center;\"><a href=\"https:\/\/www.luke.fi\/fi\/asiantuntijat\/mikko-jarvinen\">Mikko J\u00e4rvinen<\/a><\/h3>\n<p style=\"text-align: center;\">Group leader, researcher<\/p>\n<p style=\"text-align: center;\">Natural Resources Institute Finland<\/p>\n<p style=\"text-align: center;\">02 953 26192<\/p>\n<p style=\"text-align: center;\">mikko.jarvinen(a)luke.fi<\/p>\n<\/div>\n<\/div><\/div><\/div><\/div><div id=\"pgc-2272-1-1\"  class=\"panel-grid-cell\" ><div id=\"panel-2272-1-1-0\" class=\"so-panel widget widget_sow-editor panel-first-child panel-last-child\" data-index=\"3\" ><div style=\"text-align: left;\" data-title-color=\"#443f3f\" data-headings-color=\"#443f3f\" class=\"panel-widget-style panel-widget-style-for-2272-1-1-0\" ><div\n\t\t\t\n\t\t\tclass=\"so-widget-sow-editor so-widget-sow-editor-base\"\n\t\t\t\n\t\t>\n<div class=\"siteorigin-widget-tinymce textwidget\">\n\t<p><img loading=\"lazy\" decoding=\"async\" class=\"alignnone wp-image-2390 aligncenter\" src=\"https:\/\/biocc.fi\/wp-content\/uploads\/2022\/03\/sakky_kati_lundgren-300x300.png\" alt=\"\" width=\"222\" height=\"222\" srcset=\"https:\/\/biocc.fi\/wp-content\/uploads\/2022\/03\/sakky_kati_lundgren-300x300.png 300w, https:\/\/biocc.fi\/wp-content\/uploads\/2022\/03\/sakky_kati_lundgren-150x150.png 150w, https:\/\/biocc.fi\/wp-content\/uploads\/2022\/03\/sakky_kati_lundgren-12x12.png 12w, https:\/\/biocc.fi\/wp-content\/uploads\/2022\/03\/sakky_kati_lundgren-230x230.png 230w, https:\/\/biocc.fi\/wp-content\/uploads\/2022\/03\/sakky_kati_lundgren-350x350.png 350w, https:\/\/biocc.fi\/wp-content\/uploads\/2022\/03\/sakky_kati_lundgren-480x480.png 480w, https:\/\/biocc.fi\/wp-content\/uploads\/2022\/03\/sakky_kati_lundgren.png 500w\" sizes=\"auto, (max-width: 222px) 100vw, 222px\" \/><\/p>\n<h3 style=\"text-align: center;\"><a href=\"https:\/\/sakky.fi\/fi\/yhteystiedot\/lundgren-kati\">Kati Lundgren<\/a><\/h3>\n<p style=\"text-align: center;\">Specialist (development services\/project activities)<\/p>\n<p style=\"text-align: center;\">Savo Vocational College<\/p>\n<p style=\"text-align: center;\">044 785 3525<\/p>\n<p style=\"text-align: center;\">kati.lundgren(a)sakky.fi<\/p>\n<\/div>\n<\/div><\/div><\/div><\/div><\/div><\/div><\/div>","protected":false},"excerpt":{"rendered":"<p>Harri Auvinen TK-p\u00e4\u00e4llikk\u00f6 (Bio- ja kiertotalous) Savonia-ammattikorkeakoulu 044 785 6923 harri.auvinen(a)savonia.fi Reijo Lappalainen Biomateriaalitekniikan professori It\u00e4-Suomen yliopisto (UEF) 040 355 2564 reijo.lappalainen(a)uef.fi<\/p>","protected":false},"author":9,"featured_media":0,"parent":0,"menu_order":0,"comment_status":"closed","ping_status":"closed","template":"page-templates\/page_front-page.php","meta":{"footnotes":""},"class_list":["post-2272","page","type-page","status-publish","hentry"],"yoast_head":"<!-- This site is optimized with the Yoast SEO plugin v27.3 - https:\/\/yoast.com\/product\/yoast-seo-wordpress\/ -->\n<title>YHTEYSTIEDOT - Bio and Circular Cluster - North Savo<\/title>\n<meta name=\"robots\" content=\"index, follow, max-snippet:-1, max-image-preview:large, max-video-preview:-1\" \/>\n<link rel=\"canonical\" href=\"https:\/\/biocc.fi\/en\/yhteystiedot\/\" \/>\n<meta property=\"og:locale\" content=\"en_US\" \/>\n<meta property=\"og:type\" content=\"article\" \/>\n<meta property=\"og:title\" content=\"YHTEYSTIEDOT - Bio and Circular Cluster - North Savo\" \/>\n<meta property=\"og:description\" content=\"Harri Auvinen TK-p\u00e4\u00e4llikk\u00f6 (Bio- ja kiertotalous) Savonia-ammattikorkeakoulu 044 785 6923 harri.auvinen(a)savonia.fi Reijo Lappalainen Biomateriaalitekniikan professori It\u00e4-Suomen yliopisto (UEF) 040 355 2564 reijo.lappalainen(a)uef.fi\" \/>\n<meta property=\"og:url\" content=\"https:\/\/biocc.fi\/en\/yhteystiedot\/\" \/>\n<meta property=\"og:site_name\" content=\"Bio and Circular Cluster - North Savo\" \/>\n<meta property=\"article:modified_time\" content=\"2022-04-01T14:19:25+00:00\" \/>\n<meta property=\"og:image\" content=\"https:\/\/biocc.fi\/wp-content\/uploads\/2021\/11\/harri_auvinen-300x300.jpeg\" \/>\n<meta name=\"twitter:card\" content=\"summary_large_image\" \/>\n<script type=\"application\/ld+json\" class=\"yoast-schema-graph\">{\"@context\":\"https:\\\/\\\/schema.org\",\"@graph\":[{\"@type\":\"WebPage\",\"@id\":\"https:\\\/\\\/biocc.fi\\\/yhteystiedot\\\/\",\"url\":\"https:\\\/\\\/biocc.fi\\\/yhteystiedot\\\/\",\"name\":\"YHTEYSTIEDOT - Bio and Circular Cluster - North Savo\",\"isPartOf\":{\"@id\":\"https:\\\/\\\/biocc.fi\\\/#website\"},\"primaryImageOfPage\":{\"@id\":\"https:\\\/\\\/biocc.fi\\\/yhteystiedot\\\/#primaryimage\"},\"image\":{\"@id\":\"https:\\\/\\\/biocc.fi\\\/yhteystiedot\\\/#primaryimage\"},\"thumbnailUrl\":\"https:\\\/\\\/biocc.fi\\\/wp-content\\\/uploads\\\/2021\\\/11\\\/harri_auvinen-300x300.jpeg\",\"datePublished\":\"2022-03-14T11:08:22+00:00\",\"dateModified\":\"2022-04-01T14:19:25+00:00\",\"breadcrumb\":{\"@id\":\"https:\\\/\\\/biocc.fi\\\/yhteystiedot\\\/#breadcrumb\"},\"inLanguage\":\"en-US\",\"potentialAction\":[{\"@type\":\"ReadAction\",\"target\":[\"https:\\\/\\\/biocc.fi\\\/yhteystiedot\\\/\"]}]},{\"@type\":\"ImageObject\",\"inLanguage\":\"en-US\",\"@id\":\"https:\\\/\\\/biocc.fi\\\/yhteystiedot\\\/#primaryimage\",\"url\":\"https:\\\/\\\/biocc.fi\\\/wp-content\\\/uploads\\\/2021\\\/11\\\/harri_auvinen-300x300.jpeg\",\"contentUrl\":\"https:\\\/\\\/biocc.fi\\\/wp-content\\\/uploads\\\/2021\\\/11\\\/harri_auvinen-300x300.jpeg\"},{\"@type\":\"BreadcrumbList\",\"@id\":\"https:\\\/\\\/biocc.fi\\\/yhteystiedot\\\/#breadcrumb\",\"itemListElement\":[{\"@type\":\"ListItem\",\"position\":1,\"name\":\"Etusivu\",\"item\":\"https:\\\/\\\/biocc.fi\\\/\"},{\"@type\":\"ListItem\",\"position\":2,\"name\":\"YHTEYSTIEDOT\"}]},{\"@type\":\"WebSite\",\"@id\":\"https:\\\/\\\/biocc.fi\\\/#website\",\"url\":\"https:\\\/\\\/biocc.fi\\\/\",\"name\":\"Bio and Circular Cluster - North Savo\",\"description\":\"Pohjois-Savon bio- ja kiertotalouden ekosysteemin verkkosivut | Bio and circular cluster - North Savo website\",\"potentialAction\":[{\"@type\":\"SearchAction\",\"target\":{\"@type\":\"EntryPoint\",\"urlTemplate\":\"https:\\\/\\\/biocc.fi\\\/?s={search_term_string}\"},\"query-input\":{\"@type\":\"PropertyValueSpecification\",\"valueRequired\":true,\"valueName\":\"search_term_string\"}}],\"inLanguage\":\"en-US\"}]}<\/script>\n<!-- \/ Yoast SEO plugin. -->","yoast_head_json":{"title":"YHTEYSTIEDOT - Bio and Circular Cluster - North Savo","robots":{"index":"index","follow":"follow","max-snippet":"max-snippet:-1","max-image-preview":"max-image-preview:large","max-video-preview":"max-video-preview:-1"},"canonical":"https:\/\/biocc.fi\/en\/yhteystiedot\/","og_locale":"en_US","og_type":"article","og_title":"YHTEYSTIEDOT - Bio and Circular Cluster - North Savo","og_description":"Harri Auvinen TK-p\u00e4\u00e4llikk\u00f6 (Bio- ja kiertotalous) Savonia-ammattikorkeakoulu 044 785 6923 harri.auvinen(a)savonia.fi Reijo Lappalainen Biomateriaalitekniikan professori It\u00e4-Suomen yliopisto (UEF) 040 355 2564 reijo.lappalainen(a)uef.fi","og_url":"https:\/\/biocc.fi\/en\/yhteystiedot\/","og_site_name":"Bio and Circular Cluster - North Savo","article_modified_time":"2022-04-01T14:19:25+00:00","og_image":[{"url":"https:\/\/biocc.fi\/wp-content\/uploads\/2021\/11\/harri_auvinen-300x300.jpeg","type":"","width":"","height":""}],"twitter_card":"summary_large_image","schema":{"@context":"https:\/\/schema.org","@graph":[{"@type":"WebPage","@id":"https:\/\/biocc.fi\/yhteystiedot\/","url":"https:\/\/biocc.fi\/yhteystiedot\/","name":"YHTEYSTIEDOT - Bio and Circular Cluster - North Savo","isPartOf":{"@id":"https:\/\/biocc.fi\/#website"},"primaryImageOfPage":{"@id":"https:\/\/biocc.fi\/yhteystiedot\/#primaryimage"},"image":{"@id":"https:\/\/biocc.fi\/yhteystiedot\/#primaryimage"},"thumbnailUrl":"https:\/\/biocc.fi\/wp-content\/uploads\/2021\/11\/harri_auvinen-300x300.jpeg","datePublished":"2022-03-14T11:08:22+00:00","dateModified":"2022-04-01T14:19:25+00:00","breadcrumb":{"@id":"https:\/\/biocc.fi\/yhteystiedot\/#breadcrumb"},"inLanguage":"en-US","potentialAction":[{"@type":"ReadAction","target":["https:\/\/biocc.fi\/yhteystiedot\/"]}]},{"@type":"ImageObject","inLanguage":"en-US","@id":"https:\/\/biocc.fi\/yhteystiedot\/#primaryimage","url":"https:\/\/biocc.fi\/wp-content\/uploads\/2021\/11\/harri_auvinen-300x300.jpeg","contentUrl":"https:\/\/biocc.fi\/wp-content\/uploads\/2021\/11\/harri_auvinen-300x300.jpeg"},{"@type":"BreadcrumbList","@id":"https:\/\/biocc.fi\/yhteystiedot\/#breadcrumb","itemListElement":[{"@type":"ListItem","position":1,"name":"Etusivu","item":"https:\/\/biocc.fi\/"},{"@type":"ListItem","position":2,"name":"YHTEYSTIEDOT"}]},{"@type":"WebSite","@id":"https:\/\/biocc.fi\/#website","url":"https:\/\/biocc.fi\/","name":"Bio and Circular Cluster - North Savo","description":"Pohjois-Savon bio- ja kiertotalouden ekosysteemin verkkosivut | Bio and circular cluster - North Savo website","potentialAction":[{"@type":"SearchAction","target":{"@type":"EntryPoint","urlTemplate":"https:\/\/biocc.fi\/?s={search_term_string}"},"query-input":{"@type":"PropertyValueSpecification","valueRequired":true,"valueName":"search_term_string"}}],"inLanguage":"en-US"}]}},"_links":{"self":[{"href":"https:\/\/biocc.fi\/en\/wp-json\/wp\/v2\/pages\/2272","targetHints":{"allow":["GET"]}}],"collection":[{"href":"https:\/\/biocc.fi\/en\/wp-json\/wp\/v2\/pages"}],"about":[{"href":"https:\/\/biocc.fi\/en\/wp-json\/wp\/v2\/types\/page"}],"author":[{"embeddable":true,"href":"https:\/\/biocc.fi\/en\/wp-json\/wp\/v2\/users\/9"}],"replies":[{"embeddable":true,"href":"https:\/\/biocc.fi\/en\/wp-json\/wp\/v2\/comments?post=2272"}],"version-history":[{"count":7,"href":"https:\/\/biocc.fi\/en\/wp-json\/wp\/v2\/pages\/2272\/revisions"}],"predecessor-version":[{"id":2413,"href":"https:\/\/biocc.fi\/en\/wp-json\/wp\/v2\/pages\/2272\/revisions\/2413"}],"wp:attachment":[{"href":"https:\/\/biocc.fi\/en\/wp-json\/wp\/v2\/media?parent=2272"}],"curies":[{"name":"wp","href":"https:\/\/api.w.org\/{rel}","templated":true}]}}